{"id":79,"date":"2022-06-22T22:14:33","date_gmt":"2022-06-23T02:14:33","guid":{"rendered":"https:\/\/digitalinnovation.site\/about-us\/"},"modified":"2023-07-24T18:19:23","modified_gmt":"2023-07-24T22:19:23","slug":"a-propos","status":"publish","type":"page","link":"https:\/\/digitalinnovation.site\/fr\/a-propos\/","title":{"rendered":"\u00c0 propos"},"content":{"rendered":"\n<div class=\"wp-block-columns is-layout-flex wp-container-core-columns-is-layout-9d6595d7 wp-block-columns-is-layout-flex\">\n<div class=\"wp-block-column is-layout-flow wp-block-column-is-layout-flow\">\n<p><strong><em>Mission <\/em>:<\/strong> La Fondation de l&rsquo;innovation num\u00e9rique (FIN) est un organisme \u00e0 but non lucratif incorpor\u00e9 au Qu\u00e9bec, Canada. Elle cherche \u00e0 obtenir le statut de \u00ab fondation publique de bienfaisance \u00bb compte tenu de son accent sur <a href=\"https:\/\/www.canada.ca\/en\/revenue-agency\/services\/charities-giving\/charities\/policies-guidance\/advancement-education-charitable-registration.html\">l&rsquo;\u00e9ducation<\/a> et la <a href=\"https:\/\/www.canada.ca\/en\/revenue-agency\/services\/charities-giving\/charities\/policies-guidance\/policy-statement-029-research-a-charitable-activity.html\">recherche<\/a>, conform\u00e9ment aux politiques de l&rsquo;Agence du revenu du Canada (ARC). Sa mission est de soutenir les agents de changement communautaires et intra-organisationnels qui cherchent \u00e0 acc\u00e9l\u00e9rer la transformation num\u00e9rique et l&rsquo;innovation dans tous les secteurs de la soci\u00e9t\u00e9, de l&rsquo;\u00e9conomie et de la g\u00e9ographie. Son portail Web <a href=\"https:\/\/digitalinnovation.site\">https:\/\/digitalinnovation.site<\/a> est d\u00e9velopp\u00e9 et exploit\u00e9 par le partenaire priv\u00e9 <a href=\"https:\/\/intracubator.com\/\">Intracubator<\/a> et sert de march\u00e9 aux agents du changement pour vendre leurs services et lever des fonds directement pour atteindre l&rsquo;autosuffisance.<\/p>\n\n\n\n<p><strong><em>R\u00f4les <\/em>:<\/strong> Notre r\u00f4le principal est de collecter des fonds aupr\u00e8s de donateurs priv\u00e9s et de fournir des subventions de recherche aux professeurs et des bourses d&rsquo;\u00e9tudes sup\u00e9rieures aux \u00e9tudiants, en partenariat avec des agents de changement pour d\u00e9velopper des solutions num\u00e9riques innovantes. Un deuxi\u00e8me mandat est de professionnaliser la communaut\u00e9 de l&rsquo;innovation num\u00e9rique en aidant les associations professionnelles et les \u00e9tablissements d&rsquo;enseignement sup\u00e9rieur \u00e0 d\u00e9velopper des certifications et des programmes d&rsquo;\u00e9tudes en innovation num\u00e9rique. Notre troisi\u00e8me priorit\u00e9 est de soutenir directement les initiatives du secteur public visant \u00e0 d\u00e9mocratiser l&rsquo;innovation num\u00e9rique.<\/p>\n<\/div>\n\n\n\n<div class=\"wp-block-column is-layout-flow wp-block-column-is-layout-flow\">\n<p><strong><em>Port\u00e9e <\/em>:<\/strong> L&rsquo;innovation num\u00e9rique en tant que concept s&rsquo;appuie sur les d\u00e9finitions des normes <a href=\"https:\/\/www.iso.org\/committee\/4587737\/x\/catalogue\/\">ISO 56000 sur la gestion de l&rsquo;innovation<\/a>. L&rsquo;innovation est toute \u00ab entit\u00e9 nouvelle ou modifi\u00e9e, r\u00e9alisant ou redistribuant de la valeur \u00bb, mise en \u0153uvre par \u00ab tous les types d&rsquo;innovations, par ex. produit, service, processus, mod\u00e8le et m\u00e9thode, allant de l&rsquo;incr\u00e9mental au radical \u00bb (veuillez consulter les sections 1.2 et 3.1.1 de la norme <a href=\"https:\/\/www.iso.org\/standard\/69315.html\">ISO 56000:2020 Management de l&rsquo;innovation \u2013 Fondamentaux et vocabulaire<\/a>). Le num\u00e9rique implique l&rsquo;utilisation des technologies de l&rsquo;information et de la communication (TIC) de toutes sortes, allant de l&rsquo;immat\u00e9riel au tangible, et touchant \u00e0 la cr\u00e9ation de valeur pour les utilisateurs finaux dans n&rsquo;importe quel contexte et \u00e0 n&rsquo;importe quelle \u00e9chelle.<\/p>\n\n\n\n<p><strong><em>Subventions et bourses <\/em>:<\/strong> Une fois que la collecte de fonds aura atteint une masse critique, les candidatures seront sollicit\u00e9es aupr\u00e8s des professeurs et des \u00e9tudiants dipl\u00f4m\u00e9s. Les projets et l&rsquo;attribution seront conformes aux lignes directrices du gouvernement du Canada en mati\u00e8re d&rsquo;<a href=\"https:\/\/rcr.ethics.gc.ca\/eng\/framework-cadre-2021.html\">\u00e9thique de la recherche<\/a>, de <a href=\"https:\/\/vanier.gc.ca\/en\/selection_committee_guide-comite_selection_lignes.html\">s\u00e9lection des candidats<\/a>, <a href=\"https:\/\/www.nserc-crsng.gc.ca\/NSERC-CRSNG\/Policies-Politiques\/prepInterdiscip-prepInterdiscip_eng.asp\">d&rsquo;\u00e9valuation interdisciplinaire<\/a> et <a href=\"https:\/\/www.nserc-crsng.gc.ca\/interagency-interorganismes\/TAFA-AFTO\/guide-guide_eng.asp\">d&rsquo;administration financi\u00e8re<\/a>.<\/p>\n\n\n\n<p><strong><em>Impliquez-vous<\/em> : <\/strong>FIN est en phase de lancement et d&rsquo;autres nouvelles seront publi\u00e9es sur sa <a href=\"https:\/\/digitalinnovation.site\/\">page web<\/a> en 2022 \u00e0 mesure que nous progressons vers notre premi\u00e8re campagne de financement. Veuillez contacter notre PDG, <a href=\"https:\/\/www.gagnontech.org\/\">St\u00e9phane Gagnon<\/a>, pour toute question ou int\u00e9r\u00eat \u00e0 collaborer : <a href=\"mailto:admin@gagnontech.org\">admin@gagnontech.org<\/a><\/p>\n<\/div>\n<\/div>\n","protected":false},"excerpt":{"rendered":"<p>Mission : La Fondation de l&rsquo;innovation num\u00e9rique (FIN) est un organisme \u00e0 but non lucratif incorpor\u00e9 au Qu\u00e9bec, Canada. Elle cherche \u00e0 obtenir le statut de \u00ab fondation publique de bienfaisance \u00bb compte tenu de son accent sur l&rsquo;\u00e9ducation et la recherche, conform\u00e9ment aux politiques de l&rsquo;Agence du revenu du Canada (ARC). Sa mission est<span class=\"post-excerpt-end\">&hellip;<\/span><\/p>\n<p class=\"more-link\"><a href=\"https:\/\/digitalinnovation.site\/fr\/a-propos\/\" class=\"themebutton\">Lire la suite<\/a><\/p>\n","protected":false},"author":1,"featured_media":0,"parent":0,"menu_order":0,"comment_status":"closed","ping_status":"closed","template":"","meta":{"footnotes":""},"class_list":["post-79","page","type-page","status-publish","hentry"],"_links":{"self":[{"href":"https:\/\/digitalinnovation.site\/fr\/wp-json\/wp\/v2\/pages\/79","targetHints":{"allow":["GET"]}}],"collection":[{"href":"https:\/\/digitalinnovation.site\/fr\/wp-json\/wp\/v2\/pages"}],"about":[{"href":"https:\/\/digitalinnovation.site\/fr\/wp-json\/wp\/v2\/types\/page"}],"author":[{"embeddable":true,"href":"https:\/\/digitalinnovation.site\/fr\/wp-json\/wp\/v2\/users\/1"}],"replies":[{"embeddable":true,"href":"https:\/\/digitalinnovation.site\/fr\/wp-json\/wp\/v2\/comments?post=79"}],"version-history":[{"count":6,"href":"https:\/\/digitalinnovation.site\/fr\/wp-json\/wp\/v2\/pages\/79\/revisions"}],"predecessor-version":[{"id":190,"href":"https:\/\/digitalinnovation.site\/fr\/wp-json\/wp\/v2\/pages\/79\/revisions\/190"}],"wp:attachment":[{"href":"https:\/\/digitalinnovation.site\/fr\/wp-json\/wp\/v2\/media?parent=79"}],"curies":[{"name":"wp","href":"https:\/\/api.w.org\/{rel}","templated":true}]}}