{"id":80,"date":"2022-06-22T22:14:33","date_gmt":"2022-06-23T02:14:33","guid":{"rendered":"https:\/\/digitalinnovation.site\/about-us\/"},"modified":"2023-07-24T18:19:35","modified_gmt":"2023-07-24T22:19:35","slug":"acerca","status":"publish","type":"page","link":"https:\/\/digitalinnovation.site\/es\/acerca\/","title":{"rendered":"Acerca"},"content":{"rendered":"\n<div class=\"wp-block-columns is-layout-flex wp-container-core-columns-is-layout-9d6595d7 wp-block-columns-is-layout-flex\">\n<div class=\"wp-block-column is-layout-flow wp-block-column-is-layout-flow\">\n<p><strong><em>Misi\u00f3n<\/em><\/strong>: Digital Innovation Foundation (DIF) es una organizaci\u00f3n sin fines de lucro constituida en Qu\u00e9bec, Canad\u00e1. Est\u00e1 buscando el estatus de \u00abfundaci\u00f3n p\u00fablica ben\u00e9fica\u00bb dado su enfoque en la <a href=\"https:\/\/www.canada.ca\/en\/revenue-agency\/services\/charities-giving\/charities\/policies-guidance\/advancement-education-charitable-registration.html\">educaci\u00f3n<\/a> y la <a href=\"https:\/\/www.canada.ca\/en\/revenue-agency\/services\/charities-giving\/charities\/policies-guidance\/policy-statement-029-research-a-charitable-activity.html\">investigaci\u00f3n<\/a>, seg\u00fan las pol\u00edticas de la Agencia de Ingresos de Canad\u00e1 (CRA). Su misi\u00f3n es apoyar a los agentes de cambio comunitarios e intraorganizacionales que buscan acelerar la transformaci\u00f3n digital y la innovaci\u00f3n en todos los sectores de la sociedad, la econom\u00eda y la geograf\u00eda. Su portal web <a href=\"https:\/\/digitalinnovation.site\">https:\/\/digitalinnovation.site<\/a> es desarrollado y operado por el socio privado <a href=\"https:\/\/intracubator.com\/\">Intracubator<\/a> y sirve como mercado para que los agentes de cambio vendan sus servicios y recauden fondos directamente para alcanzar la autosuficiencia.<\/p>\n\n\n\n<p><strong><em>Roles: <\/em><\/strong>Nuestro rol principal es recaudar fondos de donantes privados y proporcionar becas de investigaci\u00f3n a profesores y becas de posgrado a estudiantes, asoci\u00e1ndonos con agentes de cambio para desarrollar soluciones digitales innovadoras. Un segundo mandato es profesionalizar la comunidad de innovaci\u00f3n digital ayudando a las asociaciones profesionales y las instituciones de educaci\u00f3n superior a desarrollar certificaciones y programas de grado en innovaci\u00f3n digital. Nuestra tercera prioridad es apoyar directamente las iniciativas del sector p\u00fablico destinadas a democratizar la innovaci\u00f3n digital.<\/p>\n<\/div>\n\n\n\n<div class=\"wp-block-column is-layout-flow wp-block-column-is-layout-flow\">\n<p><strong><em><strong>Alcance<\/strong>: <\/em><\/strong>La innovaci\u00f3n digital como concepto se basa en las definiciones de las <a href=\"https:\/\/www.iso.org\/committee\/4587737\/x\/catalogue\/\">Normas ISO 56000 sobre gesti\u00f3n de la innovaci\u00f3n<\/a>. La innovaci\u00f3n es cualquier \u201centidad nueva o modificada, que realiza o redistribuye valor\u201d, implementada a trav\u00e9s de \u201ctodo tipo de innovaciones, p. producto, servicio, proceso, modelo y m\u00e9todo, desde incremental hasta radical\u201d (consulte las secciones 1.2 y 3.1.1 de <a href=\"https:\/\/www.iso.org\/standard\/69315.html\">ISO 56000:2020 Gesti\u00f3n de la innovaci\u00f3n: fundamentos y vocabulario<\/a>). Digital implica el uso de Tecnolog\u00edas de la Informaci\u00f3n y la Comunicaci\u00f3n (TIC) de todo tipo, desde intangibles hasta tangibles, y toca la creaci\u00f3n de valor para los usuarios finales en cualquier contexto y alcance de cualquier escala.<\/p>\n\n\n\n<p><strong><em><strong>Subvenciones y becas<\/strong>: <\/em><\/strong>Una vez que la recaudaci\u00f3n de fondos haya alcanzado una masa cr\u00edtica, se solicitar\u00e1n solicitudes de profesores y estudiantes graduados. Los proyectos y la atribuci\u00f3n cumplir\u00e1n con las pautas del Gobierno de Canad\u00e1 para la <a href=\"https:\/\/rcr.ethics.gc.ca\/eng\/framework-cadre-2021.html\">\u00e9tica de la investigaci\u00f3n<\/a>, la <a href=\"https:\/\/vanier.gc.ca\/en\/selection_committee_guide-comite_selection_lignes.html\">selecci\u00f3n de candidatos<\/a>, la <a href=\"https:\/\/www.nserc-crsng.gc.ca\/NSERC-CRSNG\/Policies-Politiques\/prepInterdiscip-prepInterdiscip_eng.asp\">evaluaci\u00f3n interdisciplinaria<\/a> y la <a href=\"https:\/\/www.nserc-crsng.gc.ca\/interagency-interorganismes\/TAFA-AFTO\/guide-guide_eng.asp\">administraci\u00f3n financiera<\/a>.<\/p>\n\n\n\n<p><strong><em><strong>Participe<\/strong>: <\/em><\/strong>DIF est\u00e1 en fase de lanzamiento y se publicar\u00e1n m\u00e1s noticias en su <a href=\"https:\/\/digitalinnovation.site\/\">p\u00e1gina web<\/a> en 2022 a medida que avanzamos hacia nuestra primera campa\u00f1a de recaudaci\u00f3n de fondos. P\u00f3ngase en contacto con nuestro CEO, <a href=\"https:\/\/www.gagnontech.org\/\">St\u00e9phane Gagnon<\/a>, para cualquier pregunta o inter\u00e9s en colaborar: <a href=\"mailto:admin@gagnontech.org\">admin@gagnontech.org<\/a><\/p>\n<\/div>\n<\/div>\n","protected":false},"excerpt":{"rendered":"<p>Misi\u00f3n: Digital Innovation Foundation (DIF) es una organizaci\u00f3n sin fines de lucro constituida en Qu\u00e9bec, Canad\u00e1. Est\u00e1 buscando el estatus de \u00abfundaci\u00f3n p\u00fablica ben\u00e9fica\u00bb dado su enfoque en la educaci\u00f3n y la investigaci\u00f3n, seg\u00fan las pol\u00edticas de la Agencia de Ingresos de Canad\u00e1 (CRA). Su misi\u00f3n es apoyar a los agentes de cambio comunitarios e<span class=\"post-excerpt-end\">&hellip;<\/span><\/p>\n<p class=\"more-link\"><a href=\"https:\/\/digitalinnovation.site\/es\/acerca\/\" class=\"themebutton\">Lee mas<\/a><\/p>\n","protected":false},"author":1,"featured_media":0,"parent":0,"menu_order":0,"comment_status":"closed","ping_status":"closed","template":"","meta":{"footnotes":""},"class_list":["post-80","page","type-page","status-publish","hentry"],"_links":{"self":[{"href":"https:\/\/digitalinnovation.site\/es\/wp-json\/wp\/v2\/pages\/80","targetHints":{"allow":["GET"]}}],"collection":[{"href":"https:\/\/digitalinnovation.site\/es\/wp-json\/wp\/v2\/pages"}],"about":[{"href":"https:\/\/digitalinnovation.site\/es\/wp-json\/wp\/v2\/types\/page"}],"author":[{"embeddable":true,"href":"https:\/\/digitalinnovation.site\/es\/wp-json\/wp\/v2\/users\/1"}],"replies":[{"embeddable":true,"href":"https:\/\/digitalinnovation.site\/es\/wp-json\/wp\/v2\/comments?post=80"}],"version-history":[{"count":6,"href":"https:\/\/digitalinnovation.site\/es\/wp-json\/wp\/v2\/pages\/80\/revisions"}],"predecessor-version":[{"id":191,"href":"https:\/\/digitalinnovation.site\/es\/wp-json\/wp\/v2\/pages\/80\/revisions\/191"}],"wp:attachment":[{"href":"https:\/\/digitalinnovation.site\/es\/wp-json\/wp\/v2\/media?parent=80"}],"curies":[{"name":"wp","href":"https:\/\/api.w.org\/{rel}","templated":true}]}}